{"id":2001,"date":"2025-11-26T08:34:38","date_gmt":"2025-11-26T08:34:38","guid":{"rendered":"https:\/\/bartekprojekt.com\/?post_type=product&#038;p=2001"},"modified":"2025-12-08T19:54:26","modified_gmt":"2025-12-08T19:54:26","slug":"kapelusz-tronto","status":"publish","type":"product","link":"https:\/\/hattribe.com\/pl\/produkt\/kapelusz-tronto\/","title":{"rendered":"Kapelusz Tronto"},"content":{"rendered":"<p data-ccp-border-bottom=\"0px none #000000\" data-ccp-padding-bottom=\"0px\" data-ccp-border-between=\"0px none #000000\" data-ccp-padding-between=\"0px\"><b><span data-contrast=\"none\">TRONTO\u00a0<\/span><\/b><b><span data-contrast=\"none\">\u2014\u00a0<\/span><\/b><b><span data-contrast=\"none\">Si\u0142a\u00a0i\u00a0charakter\u00a0w\u00a0kowbojskim\u00a0klimacie<\/span><\/b><span data-ccp-props=\"{&quot;134245417&quot;:true,&quot;134245418&quot;:false,&quot;134245529&quot;:false,&quot;201341983&quot;:0,&quot;335551550&quot;:1,&quot;335551620&quot;:1,&quot;335557856&quot;:4278190080,&quot;335559685&quot;:0,&quot;335559731&quot;:0,&quot;335559737&quot;:0,&quot;335559738&quot;:0,&quot;335559739&quot;:322,&quot;335559740&quot;:240}\">\u00a0<\/span><\/p>\n<p data-ccp-border-bottom=\"0px none #000000\" data-ccp-padding-bottom=\"0px\" data-ccp-border-between=\"0px none #000000\" data-ccp-padding-between=\"0px\"><b><span data-contrast=\"none\">Inspiracja:<\/span><\/b><span data-contrast=\"none\">\u00a0rzeka\u00a0Tronto\u00a0<\/span><span data-contrast=\"none\">\u2014\u00a0<\/span><span data-contrast=\"none\">surowo\u015b\u0107\u00a0Abruzji\u00a0i\u00a0dziko\u015b\u0107\u00a0natury.\u00a0<\/span><b><span data-contrast=\"none\">Rondo TRONTO\u00a0utrzymane\u00a0jest w\u00a0klasycznym\u00a0kowbojskim\u00a0klimacie<\/span><\/b><span data-contrast=\"none\">, a ca<\/span><span data-contrast=\"none\">\u0142a\u00a0sylwetka\u00a0ma\u00a0wyrazisty,\u00a0mocny\u00a0profil.<\/span><span data-ccp-props=\"{&quot;134245417&quot;:true,&quot;134245418&quot;:false,&quot;134245529&quot;:false,&quot;201341983&quot;:0,&quot;335551550&quot;:1,&quot;335551620&quot;:1,&quot;335557856&quot;:4278190080,&quot;335559685&quot;:0,&quot;335559731&quot;:0,&quot;335559737&quot;:0,&quot;335559738&quot;:0,&quot;335559739&quot;:240,&quot;335559740&quot;:240}\">\u00a0<\/span><\/p>\n<p data-ccp-border-bottom=\"0px none #000000\" data-ccp-padding-bottom=\"0px\" data-ccp-border-between=\"0px none #000000\" data-ccp-padding-between=\"0px\"><b><span data-contrast=\"none\">Materia<\/span><\/b><b><span data-contrast=\"none\">\u0142:\u00a0<\/span><\/b><span data-contrast=\"none\">Kapelusz\u00a0wykonany\u00a0z\u00a0<\/span><b><span data-contrast=\"none\">100%\u00a0filcu\u00a0we\u0142nianego\u00a0najwy\u017cszej\u00a0jako\u015bci<\/span><\/b><span data-contrast=\"none\">,\u00a0produkowanego\u00a0w\u00a0Polsce.\u00a0<\/span><\/p>\n<p data-ccp-border-bottom=\"0px none #000000\" data-ccp-padding-bottom=\"0px\" data-ccp-border-between=\"0px none #000000\" data-ccp-padding-between=\"0px\"><b><span data-contrast=\"none\">Wn<\/span><\/b><b><span data-contrast=\"none\">\u0119trze\u00a0uszyte\u00a0z\u00a0naturalnej\u00a0sk<\/span><\/b><b><span data-contrast=\"none\">\u00f3<\/span><\/b><b><span data-contrast=\"none\">ry<\/span><\/b><span data-contrast=\"none\">, co\u00a0poprawia\u00a0trwa\u0142o\u015b\u0107\u00a0i\u00a0u\u0142atwia\u00a0utrzymanie\u00a0czysto\u015bci.<\/span><span data-ccp-props=\"{&quot;134245417&quot;:true,&quot;134245418&quot;:false,&quot;134245529&quot;:false,&quot;201341983&quot;:0,&quot;335551550&quot;:1,&quot;335551620&quot;:1,&quot;335557856&quot;:4278190080,&quot;335559685&quot;:0,&quot;335559731&quot;:0,&quot;335559737&quot;:0,&quot;335559738&quot;:0,&quot;335559739&quot;:240,&quot;335559740&quot;:240}\">\u00a0<\/span><\/p>\n<p data-ccp-border-between=\"0px none #000000\" data-ccp-padding-between=\"0px\"><b><span data-contrast=\"none\">Wymiary:<\/span><\/b><span data-ccp-props=\"{&quot;134245417&quot;:true,&quot;134245418&quot;:false,&quot;134245529&quot;:false,&quot;201341983&quot;:0,&quot;335551550&quot;:1,&quot;335551620&quot;:1,&quot;335557856&quot;:4278190080,&quot;335559685&quot;:0,&quot;335559731&quot;:0,&quot;335559737&quot;:0,&quot;335559738&quot;:0,&quot;335559739&quot;:240,&quot;335559740&quot;:240}\">\u00a0<\/span><\/p>\n<ul>\n<li aria-setsize=\"-1\" data-leveltext=\"\u2022\" data-font=\"Times Roman\" data-listid=\"2\" data-list-defn-props=\"{&quot;134224900&quot;:false,&quot;201340374&quot;:0,&quot;335552541&quot;:1,&quot;335559685&quot;:720,&quot;335559991&quot;:500,&quot;469769226&quot;:&quot;Times Roman&quot;,&quot;469769242&quot;:[8226],&quot;469777803&quot;:&quot;left&quot;,&quot;469777804&quot;:&quot;\u2022&quot;,&quot;469777815&quot;:&quot;hybridMultilevel&quot;}\" data-aria-posinset=\"16\" data-aria-level=\"1\"><span data-contrast=\"none\">korona:\u00a0<\/span><b><span data-contrast=\"none\">ok. 13 cm<\/span><\/b><span data-ccp-props=\"{&quot;134245417&quot;:true,&quot;134245418&quot;:false,&quot;134245529&quot;:false,&quot;201341983&quot;:0,&quot;335551550&quot;:1,&quot;335551620&quot;:1,&quot;335557856&quot;:4278190080,&quot;335559738&quot;:0,&quot;335559739&quot;:240,&quot;335559740&quot;:240}\">\u00a0<\/span><\/li>\n<\/ul>\n<ul>\n<li aria-setsize=\"-1\" data-leveltext=\"\u2022\" data-font=\"Times Roman\" data-listid=\"2\" data-list-defn-props=\"{&quot;134224900&quot;:false,&quot;201340374&quot;:0,&quot;335552541&quot;:1,&quot;335559685&quot;:720,&quot;335559991&quot;:500,&quot;469769226&quot;:&quot;Times Roman&quot;,&quot;469769242&quot;:[8226],&quot;469777803&quot;:&quot;left&quot;,&quot;469777804&quot;:&quot;\u2022&quot;,&quot;469777815&quot;:&quot;hybridMultilevel&quot;}\" data-aria-posinset=\"17\" data-aria-level=\"1\"><span data-contrast=\"none\">rondo:\u00a0<\/span><b><span data-contrast=\"none\">ok. 10,5 cm<\/span><\/b><span data-ccp-props=\"{&quot;134245417&quot;:true,&quot;134245418&quot;:false,&quot;134245529&quot;:false,&quot;201341983&quot;:0,&quot;335551550&quot;:1,&quot;335551620&quot;:1,&quot;335557856&quot;:4278190080,&quot;335559738&quot;:0,&quot;335559739&quot;:240,&quot;335559740&quot;:240}\">\u00a0<\/span><\/li>\n<\/ul>\n<p data-ccp-border-bottom=\"0px none #000000\" data-ccp-padding-bottom=\"0px\" data-ccp-border-between=\"0px none #000000\" data-ccp-padding-between=\"0px\"><b><span data-contrast=\"none\">Dost\u0119pne\u00a0kolory:<\/span><\/b><span data-contrast=\"none\">\u00a0orzech\u00a0\/\u00a0czekolada\u00a0\/\u00a0czarny\u00a0<\/span><b><span data-contrast=\"none\">Rozmiary:<\/span><\/b><span data-contrast=\"none\">\u00a0<\/span><b><span data-contrast=\"none\">55\u201362 cm<\/span><\/b><span data-ccp-props=\"{&quot;134245417&quot;:true,&quot;134245418&quot;:false,&quot;134245529&quot;:false,&quot;201341983&quot;:0,&quot;335551550&quot;:1,&quot;335551620&quot;:1,&quot;335557856&quot;:4278190080,&quot;335559685&quot;:0,&quot;335559731&quot;:0,&quot;335559737&quot;:0,&quot;335559738&quot;:0,&quot;335559739&quot;:240,&quot;335559740&quot;:240}\">\u00a0<\/span><\/p>\n<p data-ccp-border-between=\"0px none #000000\" data-ccp-padding-between=\"0px\"><b><span data-contrast=\"none\">Opaska\u00a0sk\u00f3rzana:<\/span><\/b><span data-ccp-props=\"{&quot;134245417&quot;:true,&quot;134245418&quot;:false,&quot;134245529&quot;:false,&quot;201341983&quot;:0,&quot;335551550&quot;:1,&quot;335551620&quot;:1,&quot;335557856&quot;:4278190080,&quot;335559685&quot;:0,&quot;335559731&quot;:0,&quot;335559737&quot;:0,&quot;335559738&quot;:0,&quot;335559739&quot;:240,&quot;335559740&quot;:240}\">\u00a0<\/span><\/p>\n<ul>\n<li aria-setsize=\"-1\" data-leveltext=\"\u2022\" data-font=\"Times Roman\" data-listid=\"2\" data-list-defn-props=\"{&quot;134224900&quot;:false,&quot;201340374&quot;:0,&quot;335552541&quot;:1,&quot;335559685&quot;:720,&quot;335559991&quot;:500,&quot;469769226&quot;:&quot;Times Roman&quot;,&quot;469769242&quot;:[8226],&quot;469777803&quot;:&quot;left&quot;,&quot;469777804&quot;:&quot;\u2022&quot;,&quot;469777815&quot;:&quot;hybridMultilevel&quot;}\" data-aria-posinset=\"18\" data-aria-level=\"1\"><span data-contrast=\"none\">czekoladowa<\/span><span data-ccp-props=\"{&quot;134245417&quot;:true,&quot;134245418&quot;:false,&quot;134245529&quot;:false,&quot;201341983&quot;:0,&quot;335551550&quot;:1,&quot;335551620&quot;:1,&quot;335557856&quot;:4278190080,&quot;335559738&quot;:0,&quot;335559739&quot;:240,&quot;335559740&quot;:240}\">\u00a0<\/span><\/li>\n<\/ul>\n<ul>\n<li aria-setsize=\"-1\" data-leveltext=\"\u2022\" data-font=\"Times Roman\" data-listid=\"2\" data-list-defn-props=\"{&quot;134224900&quot;:false,&quot;201340374&quot;:0,&quot;335552541&quot;:1,&quot;335559685&quot;:720,&quot;335559991&quot;:500,&quot;469769226&quot;:&quot;Times Roman&quot;,&quot;469769242&quot;:[8226],&quot;469777803&quot;:&quot;left&quot;,&quot;469777804&quot;:&quot;\u2022&quot;,&quot;469777815&quot;:&quot;hybridMultilevel&quot;}\" data-aria-posinset=\"19\" data-aria-level=\"1\"><span data-contrast=\"none\">czarna<\/span><span data-ccp-props=\"{&quot;134245417&quot;:true,&quot;134245418&quot;:false,&quot;134245529&quot;:false,&quot;201341983&quot;:0,&quot;335551550&quot;:1,&quot;335551620&quot;:1,&quot;335557856&quot;:4278190080,&quot;335559738&quot;:0,&quot;335559739&quot;:240,&quot;335559740&quot;:240}\">\u00a0<\/span><\/li>\n<\/ul>\n<ul>\n<li aria-setsize=\"-1\" data-leveltext=\"\u2022\" data-font=\"Times Roman\" data-listid=\"2\" data-list-defn-props=\"{&quot;134224900&quot;:false,&quot;201340374&quot;:0,&quot;335552541&quot;:1,&quot;335559685&quot;:720,&quot;335559991&quot;:500,&quot;469769226&quot;:&quot;Times Roman&quot;,&quot;469769242&quot;:[8226],&quot;469777803&quot;:&quot;left&quot;,&quot;469777804&quot;:&quot;\u2022&quot;,&quot;469777815&quot;:&quot;hybridMultilevel&quot;}\" data-aria-posinset=\"20\" data-aria-level=\"1\"><span data-contrast=\"none\">czekoladowo-czarna<br \/>\n<\/span><\/li>\n<\/ul>\n","protected":false},"excerpt":{"rendered":"<p>TRONTO\u00a0\u2014\u00a0Si\u0142a\u00a0i\u00a0charakter\u00a0w\u00a0kowbojskim\u00a0klimacie\u00a0 Inspiracja:\u00a0rzeka\u00a0Tronto\u00a0\u2014\u00a0surowo\u015b\u0107\u00a0Abruzji\u00a0i\u00a0dziko\u015b\u0107\u00a0natury.\u00a0Rondo TRONTO\u00a0utrzymane\u00a0jest w\u00a0klasycznym\u00a0kowbojskim\u00a0klimacie, a ca\u0142a\u00a0sylwetka\u00a0ma\u00a0wyrazisty,\u00a0mocny\u00a0profil.\u00a0 Materia\u0142:\u00a0Kapelusz\u00a0wykonany\u00a0z\u00a0100%\u00a0filcu\u00a0we\u0142nianego\u00a0najwy\u017cszej\u00a0jako\u015bci,\u00a0produkowanego\u00a0w\u00a0Polsce.\u00a0 Wn\u0119trze\u00a0uszyte\u00a0z\u00a0naturalnej\u00a0sk\u00f3ry, co\u00a0poprawia\u00a0trwa\u0142o\u015b\u0107\u00a0i\u00a0u\u0142atwia\u00a0utrzymanie\u00a0czysto\u015bci.\u00a0 Wymiary:\u00a0 korona:\u00a0ok. 13 cm\u00a0 rondo:\u00a0ok. 10,5 cm\u00a0 Dost\u0119pne\u00a0kolory:\u00a0orzech\u00a0\/\u00a0czekolada\u00a0\/\u00a0czarny\u00a0Rozmiary:\u00a055\u201362 cm\u00a0 Opaska\u00a0sk\u00f3rzana:\u00a0 czekoladowa\u00a0 czarna\u00a0 czekoladowo-czarna<\/p>\n","protected":false},"featured_media":2727,"template":"","meta":[],"product_brand":[],"product_cat":[52],"product_tag":[],"class_list":{"0":"post-2001","1":"product","2":"type-product","3":"status-publish","4":"has-post-thumbnail","6":"product_cat-tronto-hat","8":"first","9":"instock","10":"shipping-taxable","11":"purchasable","12":"product-type-variable","13":"has-default-attributes","14":"rtwpvg-product"},"_links":{"self":[{"href":"https:\/\/hattribe.com\/pl\/wp-json\/wp\/v2\/product\/2001","targetHints":{"allow":["GET"]}}],"collection":[{"href":"https:\/\/hattribe.com\/pl\/wp-json\/wp\/v2\/product"}],"about":[{"href":"https:\/\/hattribe.com\/pl\/wp-json\/wp\/v2\/types\/product"}],"wp:featuredmedia":[{"embeddable":true,"href":"https:\/\/hattribe.com\/pl\/wp-json\/wp\/v2\/media\/2727"}],"wp:attachment":[{"href":"https:\/\/hattribe.com\/pl\/wp-json\/wp\/v2\/media?parent=2001"}],"wp:term":[{"taxonomy":"product_brand","embeddable":true,"href":"https:\/\/hattribe.com\/pl\/wp-json\/wp\/v2\/product_brand?post=2001"},{"taxonomy":"product_cat","embeddable":true,"href":"https:\/\/hattribe.com\/pl\/wp-json\/wp\/v2\/product_cat?post=2001"},{"taxonomy":"product_tag","embeddable":true,"href":"https:\/\/hattribe.com\/pl\/wp-json\/wp\/v2\/product_tag?post=2001"}],"curies":[{"name":"wp","href":"https:\/\/api.w.org\/{rel}","templated":true}]}}