{"id":1238,"date":"2024-01-30T10:57:22","date_gmt":"2024-01-30T10:57:22","guid":{"rendered":"https:\/\/bartekprojekt.com\/?page_id=1238"},"modified":"2025-12-09T19:27:47","modified_gmt":"2025-12-09T19:27:47","slug":"o-nas","status":"publish","type":"page","link":"https:\/\/hattribe.com\/pl\/o-nas\/","title":{"rendered":"O nas"},"content":{"rendered":"\t\t<div data-elementor-type=\"wp-page\" data-elementor-id=\"1238\" class=\"elementor elementor-1238\" data-elementor-post-type=\"page\">\n\t\t\t\t\t\t<section class=\"elementor-section elementor-top-section elementor-element elementor-element-feb40d3 elementor-reverse-mobile elementor-section-boxed elementor-section-height-default elementor-section-height-default\" data-id=\"feb40d3\" data-element_type=\"section\">\n\t\t\t\t\t\t<div class=\"elementor-container elementor-column-gap-default\">\n\t\t\t\t\t<div class=\"elementor-column elementor-col-50 elementor-top-column elementor-element elementor-element-ca3a9de\" data-id=\"ca3a9de\" data-element_type=\"column\">\n\t\t\t<div class=\"elementor-widget-wrap elementor-element-populated\">\n\t\t\t\t\t\t<div class=\"elementor-element elementor-element-371d7c0 elementor-widget elementor-widget-heading\" data-id=\"371d7c0\" data-element_type=\"widget\" data-widget_type=\"heading.default\">\n\t\t\t\t<div class=\"elementor-widget-container\">\n\t\t\t\t\t<h1 class=\"elementor-heading-title elementor-size-default\">Witaj w BArtekProjekt<\/h1>\t\t\t\t<\/div>\n\t\t\t\t<\/div>\n\t\t\t\t<div class=\"elementor-element elementor-element-e5dc923 elementor-widget elementor-widget-text-editor\" data-id=\"e5dc923\" data-element_type=\"widget\" data-widget_type=\"text-editor.default\">\n\t\t\t\t<div class=\"elementor-widget-container\">\n\t\t\t\t\t\t\t\t\t<p>Witaj na oficjalnej stronie marki BartekProjekt! Jeste\u015bmy dumni z tego, \u017ce mo\u017cemy podzieli\u0107 si\u0119 z Tob\u0105 nasz\u0105 pasj\u0105 do tworzenia unikalnych kapeluszy, kt\u00f3re \u0142\u0105cz\u0105 w sobie doskona\u0142o\u015b\u0107 rzemie\u015blnicz\u0105 z wyrafinowan\u0105 sztuk\u0105. Nasze nakrycia g\u0142owy to prawdziwe dzie\u0142a sztuki, kt\u00f3re zosta\u0142y stworzone z dba\u0142o\u015bci\u0105 o najdrobniejsze detale. Zapraszamy Ci\u0119 do odkrycia naszej kolekcji i do\u0142\u0105czenia do naszej Hattribe, gdzie sztuka spotyka si\u0119 z mod\u0105.<\/p>\t\t\t\t\t\t\t\t<\/div>\n\t\t\t\t<\/div>\n\t\t\t\t<div class=\"elementor-element elementor-element-bea82d9 elementor-widget elementor-widget-heading\" data-id=\"bea82d9\" data-element_type=\"widget\" data-widget_type=\"heading.default\">\n\t\t\t\t<div class=\"elementor-widget-container\">\n\t\t\t\t\t<h2 class=\"elementor-heading-title elementor-size-default\">O nas<\/h2>\t\t\t\t<\/div>\n\t\t\t\t<\/div>\n\t\t\t\t<div class=\"elementor-element elementor-element-591e3dc elementor-widget elementor-widget-text-editor\" data-id=\"591e3dc\" data-element_type=\"widget\" data-widget_type=\"text-editor.default\">\n\t\t\t\t<div class=\"elementor-widget-container\">\n\t\t\t\t\t\t\t\t\t<p>Jeste\u015bmy BartekProjekt, mark\u0105 z pasj\u0105 do tworzenia kapeluszy, kt\u00f3re wyznaczaj\u0105 nowe standardy w \u015bwiecie mody nakry\u0107 g\u0142owy. Nasza historia rozpocz\u0119\u0142a si\u0119 od mi\u0142o\u015bci do sztuki i rzemios\u0142a. Za\u0142o\u017cyciel Bartek, absolwent Akademii Sztuk Pi\u0119knych w Poznaniu, przeni\u00f3s\u0142 swoje kreatywne umiej\u0119tno\u015bci do projektowania kapeluszy, tworz\u0105c dzie\u0142a, kt\u00f3re \u0142\u0105cz\u0105 w sobie estetyk\u0119, jako\u015b\u0107 i niepowtarzalno\u015b\u0107.<\/p>\t\t\t\t\t\t\t\t<\/div>\n\t\t\t\t<\/div>\n\t\t\t\t<div class=\"elementor-element elementor-element-0fd1f6b elementor-widget elementor-widget-text-editor\" data-id=\"0fd1f6b\" data-element_type=\"widget\" data-widget_type=\"text-editor.default\">\n\t\t\t\t<div class=\"elementor-widget-container\">\n\t\t\t\t\t\t\t\t\t<p>W naszej pracowni ka\u017cdy kapelusz jest dzie\u0142em sztuki. Tworzymy je r\u0119cznie, dbaj\u0105c o najdrobniejsze szczeg\u00f3\u0142y.\u00a0<\/p>\t\t\t\t\t\t\t\t<\/div>\n\t\t\t\t<\/div>\n\t\t\t\t\t<\/div>\n\t\t<\/div>\n\t\t\t\t<div class=\"elementor-column elementor-col-50 elementor-top-column elementor-element elementor-element-5f91f51\" data-id=\"5f91f51\" data-element_type=\"column\">\n\t\t\t<div class=\"elementor-widget-wrap elementor-element-populated\">\n\t\t\t\t\t\t<div class=\"elementor-element elementor-element-3f0a3d0 elementor-widget__width-initial elementor-widget elementor-widget-image\" data-id=\"3f0a3d0\" data-element_type=\"widget\" data-widget_type=\"image.default\">\n\t\t\t\t<div class=\"elementor-widget-container\">\n\t\t\t\t\t\t\t\t\t\t\t\t\t\t\t<img fetchpriority=\"high\" decoding=\"async\" width=\"853\" height=\"1280\" src=\"https:\/\/hattribe.com\/wp-content\/uploads\/2025\/10\/20251007_BArtekProjekt_1412-1-Duzy.jpeg\" class=\"attachment-full size-full wp-image-1924\" alt=\"\" srcset=\"https:\/\/hattribe.com\/wp-content\/uploads\/2025\/10\/20251007_BArtekProjekt_1412-1-Duzy.jpeg 853w, https:\/\/hattribe.com\/wp-content\/uploads\/2025\/10\/20251007_BArtekProjekt_1412-1-Duzy-800x1200.jpeg 800w, https:\/\/hattribe.com\/wp-content\/uploads\/2025\/10\/20251007_BArtekProjekt_1412-1-Duzy-200x300.jpeg 200w, https:\/\/hattribe.com\/wp-content\/uploads\/2025\/10\/20251007_BArtekProjekt_1412-1-Duzy-682x1024.jpeg 682w, https:\/\/hattribe.com\/wp-content\/uploads\/2025\/10\/20251007_BArtekProjekt_1412-1-Duzy-768x1152.jpeg 768w, https:\/\/hattribe.com\/wp-content\/uploads\/2025\/10\/20251007_BArtekProjekt_1412-1-Duzy-8x12.jpeg 8w\" sizes=\"(max-width: 853px) 100vw, 853px\" \/>\t\t\t\t\t\t\t\t\t\t\t\t\t\t\t<\/div>\n\t\t\t\t<\/div>\n\t\t\t\t\t<\/div>\n\t\t<\/div>\n\t\t\t\t\t<\/div>\n\t\t<\/section>\n\t\t\t\t<section class=\"elementor-section elementor-top-section elementor-element elementor-element-0b6ea3a elementor-section-boxed elementor-section-height-default elementor-section-height-default\" data-id=\"0b6ea3a\" data-element_type=\"section\">\n\t\t\t\t\t\t<div class=\"elementor-container elementor-column-gap-default\">\n\t\t\t\t\t<div class=\"elementor-column elementor-col-100 elementor-top-column elementor-element elementor-element-7c42f69\" data-id=\"7c42f69\" data-element_type=\"column\">\n\t\t\t<div class=\"elementor-widget-wrap elementor-element-populated\">\n\t\t\t\t\t\t<div class=\"elementor-element elementor-element-53f29a1 eael-fg-hoverer-content-align-center elementor-widget-tablet__width-inherit elementor-widget elementor-widget-eael-filterable-gallery\" data-id=\"53f29a1\" data-element_type=\"widget\" data-settings=\"{&quot;video_gallery_yt_privacy&quot;:&quot;yes&quot;,&quot;eael_section_fg_lightbox_custom_width&quot;:&quot;yes&quot;,&quot;pagination&quot;:&quot;false&quot;}\" data-widget_type=\"eael-filterable-gallery.default\">\n\t\t\t\t<div class=\"elementor-widget-container\">\n\t\t\t\t\t<style id=\"eael-fg-inline-css-53f29a1\">@media only screen and (max-width: 2399px) {\n\t\t\t\t\t.elementor-element.elementor-element-53f29a1 .eael-filterable-gallery-item-wrap {\n\t\t\t\t\t        width: 50%;\n\t\t\t\t\t    }\n\t\t\t\t\t}@media only screen and (max-width: 1024px) {\n\t\t\t\t\t.elementor-element.elementor-element-53f29a1  .eael-filterable-gallery-item-wrap {\n\t\t\t\t\t        width: 100%;\n\t\t\t\t\t    }\n\t\t\t\t\t}@media only screen and (max-width: 767px) {\n\t\t\t\t\t.elementor-element.elementor-element-53f29a1  .eael-filterable-gallery-item-wrap {\n\t\t\t\t\t        width: 100%;\n\t\t\t\t\t    }\n\t\t\t\t\t}<\/style>        <div id=\"eael-filter-gallery-wrapper-53f29a1\" class=\"eael-filter-gallery-wrapper\" data-layout-mode=\"hoverer\" data-breakpoints=\"{&quot;mobile&quot;:{&quot;label&quot;:&quot;Mobilny pionowy&quot;,&quot;value&quot;:767,&quot;default_value&quot;:767,&quot;direction&quot;:&quot;max&quot;,&quot;is_enabled&quot;:true},&quot;mobile_extra&quot;:{&quot;label&quot;:&quot;Mobilny poziomy&quot;,&quot;value&quot;:880,&quot;default_value&quot;:880,&quot;direction&quot;:&quot;max&quot;,&quot;is_enabled&quot;:false},&quot;tablet&quot;:{&quot;label&quot;:&quot;Pionowy tablet&quot;,&quot;value&quot;:1024,&quot;default_value&quot;:1024,&quot;direction&quot;:&quot;max&quot;,&quot;is_enabled&quot;:true},&quot;tablet_extra&quot;:{&quot;label&quot;:&quot;Poziomy tablet&quot;,&quot;value&quot;:1200,&quot;default_value&quot;:1200,&quot;direction&quot;:&quot;max&quot;,&quot;is_enabled&quot;:false},&quot;laptop&quot;:{&quot;label&quot;:&quot;Laptop&quot;,&quot;value&quot;:1366,&quot;default_value&quot;:1366,&quot;direction&quot;:&quot;max&quot;,&quot;is_enabled&quot;:false},&quot;widescreen&quot;:{&quot;label&quot;:&quot;Szeroki ekran&quot;,&quot;value&quot;:2400,&quot;default_value&quot;:2400,&quot;direction&quot;:&quot;min&quot;,&quot;is_enabled&quot;:false}}\" data-default_control_key=\"0\" data-custom_default_control=\"1\">\n                    <div class=\"eael-filter-gallery-container masonry\" data-images-per-page=\"\" data-total-gallery-items=\"2\" data-nomore-item-text=\"\" data-is-randomize=\"no\" data-settings=\"{&quot;grid_style&quot;:&quot;masonry&quot;,&quot;popup&quot;:&quot;buttons&quot;,&quot;duration&quot;:500,&quot;gallery_enabled&quot;:&quot;&quot;,&quot;video_gallery_yt_privacy&quot;:&quot;yes&quot;,&quot;control_all_text&quot;:null,&quot;post_id&quot;:1238,&quot;widget_id&quot;:&quot;53f29a1&quot;}\" data-search-all=\"\" data-gallery-items=\"WyI8ZGl2IGNsYXNzPVwiZWFlbC1maWx0ZXJhYmxlLWdhbGxlcnktaXRlbS13cmFwIGVhZWwtY2YtbW9qZS1yZWFsaXphY2plXCI+XG5cdFx0XHRcdDxkaXYgY2xhc3M9XCJlYWVsLWdhbGxlcnktZ3JpZC1pdGVtXCI+PGEgaHJlZj1cImh0dHBzOlwvXC9oYXR0cmliZS5jb21cL3NrbGVwXCI+PGRpdiBjbGFzcz1cImdhbGxlcnktaXRlbS10aHVtYm5haWwtd3JhcFwiPjxpbWcgd2lkdGg9XCIyMDBcIiBoZWlnaHQ9XCIzMDBcIiBzcmM9XCJodHRwczpcL1wvaGF0dHJpYmUuY29tXC93cC1jb250ZW50XC91cGxvYWRzXC8yMDI1XC8xMFwvMjAyNTEwMDdfQkFydGVrUHJvamVrdF8xNzM2LUR1enktMjAweDMwMC5qcGVnXCIgY2xhc3M9XCJhdHRhY2htZW50LW1lZGl1bSBzaXplLW1lZGl1bSB3cC1pbWFnZS0xOTMwXCIgYWx0PVwiXCIgc3Jjc2V0PVwiaHR0cHM6XC9cL2hhdHRyaWJlLmNvbVwvd3AtY29udGVudFwvdXBsb2Fkc1wvMjAyNVwvMTBcLzIwMjUxMDA3X0JBcnRla1Byb2pla3RfMTczNi1EdXp5LTIwMHgzMDAuanBlZyAyMDB3LCBodHRwczpcL1wvaGF0dHJpYmUuY29tXC93cC1jb250ZW50XC91cGxvYWRzXC8yMDI1XC8xMFwvMjAyNTEwMDdfQkFydGVrUHJvamVrdF8xNzM2LUR1enktODAweDExOTkuanBlZyA4MDB3LCBodHRwczpcL1wvaGF0dHJpYmUuY29tXC93cC1jb250ZW50XC91cGxvYWRzXC8yMDI1XC8xMFwvMjAyNTEwMDdfQkFydGVrUHJvamVrdF8xNzM2LUR1enktNjgzeDEwMjQuanBlZyA2ODN3LCBodHRwczpcL1wvaGF0dHJpYmUuY29tXC93cC1jb250ZW50XC91cGxvYWRzXC8yMDI1XC8xMFwvMjAyNTEwMDdfQkFydGVrUHJvamVrdF8xNzM2LUR1enktNzY4eDExNTEuanBlZyA3Njh3LCBodHRwczpcL1wvaGF0dHJpYmUuY29tXC93cC1jb250ZW50XC91cGxvYWRzXC8yMDI1XC8xMFwvMjAyNTEwMDdfQkFydGVrUHJvamVrdF8xNzM2LUR1enktOHgxMi5qcGVnIDh3LCBodHRwczpcL1wvaGF0dHJpYmUuY29tXC93cC1jb250ZW50XC91cGxvYWRzXC8yMDI1XC8xMFwvMjAyNTEwMDdfQkFydGVrUHJvamVrdF8xNzM2LUR1enkuanBlZyA4NTR3XCIgc2l6ZXM9XCIobWF4LXdpZHRoOiAyMDBweCkgMTAwdncsIDIwMHB4XCIgXC8+PFwvZGl2PjxkaXYgY2xhc3M9XCJnYWxsZXJ5LWl0ZW0tY2FwdGlvbi13cmFwIGNhcHRpb24tc3R5bGUtaG92ZXJlciBlYWVsLW5vbmVcIj48ZGl2IGNsYXNzPVwiZ2FsbGVyeS1pdGVtLWhvdmVyZXItYmdcIj48XC9kaXY+PGRpdiBjbGFzcz1cImdhbGxlcnktaXRlbS1jYXB0aW9uLW92ZXJcIj48aDIgY2xhc3M9XCJmZy1pdGVtLXRpdGxlXCI+TW9qZSByZWFsaXphY2plPFwvaDI+PGRpdiBjbGFzcz1cImZnLWl0ZW0tY29udGVudFwiPjxwPjxidXR0b24gY2xhc3M9XCJtYW5zb3J5LWRlcy1idXR0b25cIj5LdXAgdGVyYXo8XC9idXR0b24+PFwvcD5cbjxcL2Rpdj48XC9kaXY+PFwvZGl2PjxcL2E+PFwvZGl2PjxcL2Rpdj4iLCI8ZGl2IGNsYXNzPVwiZWFlbC1maWx0ZXJhYmxlLWdhbGxlcnktaXRlbS13cmFwXCI+XG5cdFx0XHRcdDxkaXYgY2xhc3M9XCJlYWVsLWdhbGxlcnktZ3JpZC1pdGVtXCI+PGEgaHJlZj1cIiNcIj48ZGl2IGNsYXNzPVwiZ2FsbGVyeS1pdGVtLXRodW1ibmFpbC13cmFwXCI+PGltZyB3aWR0aD1cIjIwMFwiIGhlaWdodD1cIjMwMFwiIHNyYz1cImh0dHBzOlwvXC9oYXR0cmliZS5jb21cL3dwLWNvbnRlbnRcL3VwbG9hZHNcLzIwMjVcLzEwXC8yMDI1MTAwN19CQXJ0ZWtQcm9qZWt0XzE4OTYtRHV6eS0yMDB4MzAwLmpwZWdcIiBjbGFzcz1cImF0dGFjaG1lbnQtbWVkaXVtIHNpemUtbWVkaXVtIHdwLWltYWdlLTE5MzVcIiBhbHQ9XCJcIiBzcmNzZXQ9XCJodHRwczpcL1wvaGF0dHJpYmUuY29tXC93cC1jb250ZW50XC91cGxvYWRzXC8yMDI1XC8xMFwvMjAyNTEwMDdfQkFydGVrUHJvamVrdF8xODk2LUR1enktMjAweDMwMC5qcGVnIDIwMHcsIGh0dHBzOlwvXC9oYXR0cmliZS5jb21cL3dwLWNvbnRlbnRcL3VwbG9hZHNcLzIwMjVcLzEwXC8yMDI1MTAwN19CQXJ0ZWtQcm9qZWt0XzE4OTYtRHV6eS04MDB4MTIwMC5qcGVnIDgwMHcsIGh0dHBzOlwvXC9oYXR0cmliZS5jb21cL3dwLWNvbnRlbnRcL3VwbG9hZHNcLzIwMjVcLzEwXC8yMDI1MTAwN19CQXJ0ZWtQcm9qZWt0XzE4OTYtRHV6eS02ODJ4MTAyNC5qcGVnIDY4MncsIGh0dHBzOlwvXC9oYXR0cmliZS5jb21cL3dwLWNvbnRlbnRcL3VwbG9hZHNcLzIwMjVcLzEwXC8yMDI1MTAwN19CQXJ0ZWtQcm9qZWt0XzE4OTYtRHV6eS03Njh4MTE1Mi5qcGVnIDc2OHcsIGh0dHBzOlwvXC9oYXR0cmliZS5jb21cL3dwLWNvbnRlbnRcL3VwbG9hZHNcLzIwMjVcLzEwXC8yMDI1MTAwN19CQXJ0ZWtQcm9qZWt0XzE4OTYtRHV6eS04eDEyLmpwZWcgOHcsIGh0dHBzOlwvXC9oYXR0cmliZS5jb21cL3dwLWNvbnRlbnRcL3VwbG9hZHNcLzIwMjVcLzEwXC8yMDI1MTAwN19CQXJ0ZWtQcm9qZWt0XzE4OTYtRHV6eS5qcGVnIDg1M3dcIiBzaXplcz1cIihtYXgtd2lkdGg6IDIwMHB4KSAxMDB2dywgMjAwcHhcIiBcLz48XC9kaXY+PGRpdiBjbGFzcz1cImdhbGxlcnktaXRlbS1jYXB0aW9uLXdyYXAgY2FwdGlvbi1zdHlsZS1ob3ZlcmVyIGVhZWwtbm9uZVwiPjxkaXYgY2xhc3M9XCJnYWxsZXJ5LWl0ZW0taG92ZXJlci1iZ1wiPjxcL2Rpdj48ZGl2IGNsYXNzPVwiZ2FsbGVyeS1pdGVtLWNhcHRpb24tb3ZlclwiPjxcL2Rpdj48XC9kaXY+PFwvYT48XC9kaXY+PFwvZGl2PiJd\" data-init-show=\"21\">\n            <div class=\"eael-filterable-gallery-item-wrap eael-cf-moje-realizacje\">\n\t\t\t\t<div class=\"eael-gallery-grid-item\"><a href=\"https:\/\/hattribe.com\/sklep\"><div class=\"gallery-item-thumbnail-wrap\"><img decoding=\"async\" width=\"200\" height=\"300\" src=\"https:\/\/hattribe.com\/wp-content\/uploads\/2025\/10\/20251007_BArtekProjekt_1736-Duzy-200x300.jpeg\" class=\"attachment-medium size-medium wp-image-1930\" alt=\"\" srcset=\"https:\/\/hattribe.com\/wp-content\/uploads\/2025\/10\/20251007_BArtekProjekt_1736-Duzy-200x300.jpeg 200w, https:\/\/hattribe.com\/wp-content\/uploads\/2025\/10\/20251007_BArtekProjekt_1736-Duzy-800x1199.jpeg 800w, https:\/\/hattribe.com\/wp-content\/uploads\/2025\/10\/20251007_BArtekProjekt_1736-Duzy-683x1024.jpeg 683w, https:\/\/hattribe.com\/wp-content\/uploads\/2025\/10\/20251007_BArtekProjekt_1736-Duzy-768x1151.jpeg 768w, https:\/\/hattribe.com\/wp-content\/uploads\/2025\/10\/20251007_BArtekProjekt_1736-Duzy-8x12.jpeg 8w, https:\/\/hattribe.com\/wp-content\/uploads\/2025\/10\/20251007_BArtekProjekt_1736-Duzy.jpeg 854w\" sizes=\"(max-width: 200px) 100vw, 200px\" \/><\/div><div class=\"gallery-item-caption-wrap caption-style-hoverer eael-none\"><div class=\"gallery-item-hoverer-bg\"><\/div><div class=\"gallery-item-caption-over\"><h2 class=\"fg-item-title\">Moje realizacje<\/h2><div class=\"fg-item-content\"><p><button class=\"mansory-des-button\">Kup teraz<\/button><\/p>\n<\/div><\/div><\/div><\/a><\/div><\/div><div class=\"eael-filterable-gallery-item-wrap\">\n\t\t\t\t<div class=\"eael-gallery-grid-item\"><a href=\"#\"><div class=\"gallery-item-thumbnail-wrap\"><img decoding=\"async\" width=\"200\" height=\"300\" src=\"https:\/\/hattribe.com\/wp-content\/uploads\/2025\/10\/20251007_BArtekProjekt_1896-Duzy-200x300.jpeg\" class=\"attachment-medium size-medium wp-image-1935\" alt=\"\" srcset=\"https:\/\/hattribe.com\/wp-content\/uploads\/2025\/10\/20251007_BArtekProjekt_1896-Duzy-200x300.jpeg 200w, https:\/\/hattribe.com\/wp-content\/uploads\/2025\/10\/20251007_BArtekProjekt_1896-Duzy-800x1200.jpeg 800w, https:\/\/hattribe.com\/wp-content\/uploads\/2025\/10\/20251007_BArtekProjekt_1896-Duzy-682x1024.jpeg 682w, https:\/\/hattribe.com\/wp-content\/uploads\/2025\/10\/20251007_BArtekProjekt_1896-Duzy-768x1152.jpeg 768w, https:\/\/hattribe.com\/wp-content\/uploads\/2025\/10\/20251007_BArtekProjekt_1896-Duzy-8x12.jpeg 8w, https:\/\/hattribe.com\/wp-content\/uploads\/2025\/10\/20251007_BArtekProjekt_1896-Duzy.jpeg 853w\" sizes=\"(max-width: 200px) 100vw, 200px\" \/><\/div><div class=\"gallery-item-caption-wrap caption-style-hoverer eael-none\"><div class=\"gallery-item-hoverer-bg\"><\/div><div class=\"gallery-item-caption-over\"><\/div><\/div><\/a><\/div><\/div>        <\/div>\n                <\/div>\n        \n        \t\t\t\t<\/div>\n\t\t\t\t<\/div>\n\t\t\t\t\t<\/div>\n\t\t<\/div>\n\t\t\t\t\t<\/div>\n\t\t<\/section>\n\t\t\t\t<\/div>\n\t\t","protected":false},"excerpt":{"rendered":"<p>Witaj w BArtekProjekt Witaj na oficjalnej stronie marki BartekProjekt! Jeste\u015bmy dumni z tego, \u017ce mo\u017cemy podzieli\u0107 si\u0119 z Tob\u0105 nasz\u0105 pasj\u0105 do tworzenia unikalnych kapeluszy, kt\u00f3re \u0142\u0105cz\u0105 w sobie doskona\u0142o\u015b\u0107 rzemie\u015blnicz\u0105 z wyrafinowan\u0105 sztuk\u0105. Nasze nakrycia g\u0142owy to prawdziwe dzie\u0142a sztuki, kt\u00f3re zosta\u0142y stworzone z dba\u0142o\u015bci\u0105 o najdrobniejsze detale. Zapraszamy Ci\u0119 do odkrycia naszej kolekcji [&hellip;]<\/p>\n","protected":false},"author":1,"featured_media":0,"parent":0,"menu_order":0,"comment_status":"closed","ping_status":"closed","template":"elementor_header_footer","meta":{"footnotes":""},"class_list":["post-1238","page","type-page","status-publish","hentry"],"_links":{"self":[{"href":"https:\/\/hattribe.com\/pl\/wp-json\/wp\/v2\/pages\/1238","targetHints":{"allow":["GET"]}}],"collection":[{"href":"https:\/\/hattribe.com\/pl\/wp-json\/wp\/v2\/pages"}],"about":[{"href":"https:\/\/hattribe.com\/pl\/wp-json\/wp\/v2\/types\/page"}],"author":[{"embeddable":true,"href":"https:\/\/hattribe.com\/pl\/wp-json\/wp\/v2\/users\/1"}],"replies":[{"embeddable":true,"href":"https:\/\/hattribe.com\/pl\/wp-json\/wp\/v2\/comments?post=1238"}],"version-history":[{"count":61,"href":"https:\/\/hattribe.com\/pl\/wp-json\/wp\/v2\/pages\/1238\/revisions"}],"predecessor-version":[{"id":3043,"href":"https:\/\/hattribe.com\/pl\/wp-json\/wp\/v2\/pages\/1238\/revisions\/3043"}],"wp:attachment":[{"href":"https:\/\/hattribe.com\/pl\/wp-json\/wp\/v2\/media?parent=1238"}],"curies":[{"name":"wp","href":"https:\/\/api.w.org\/{rel}","templated":true}]}}