{"id":2044,"date":"2025-11-26T08:34:37","date_gmt":"2025-11-26T08:34:37","guid":{"rendered":"https:\/\/bartekprojekt.com\/?post_type=product&#038;p=2044"},"modified":"2025-12-08T21:49:54","modified_gmt":"2025-12-08T21:49:54","slug":"kapelusz-lambro","status":"publish","type":"product","link":"https:\/\/hattribe.com\/en\/product\/kapelusz-lambro\/","title":{"rendered":"Lambro hat"},"content":{"rendered":"<p data-ccp-border-bottom=\"0px none #000000\" data-ccp-padding-bottom=\"0px\" data-ccp-border-between=\"0px none #000000\" data-ccp-padding-between=\"0px\"><b><span data-contrast=\"none\">LAMBRO <\/span><\/b><b><span data-contrast=\"none\">\u2014\u00a0<\/span><\/b><b><span data-contrast=\"none\">W<\/span><\/b><b><span data-contrast=\"none\">\u0142oska\u00a0elegancja\u00a0w\u00a0czystej\u00a0formie<\/span><\/b><span data-ccp-props=\"{&quot;134245417&quot;:true,&quot;134245418&quot;:false,&quot;134245529&quot;:false,&quot;201341983&quot;:0,&quot;335551550&quot;:1,&quot;335551620&quot;:1,&quot;335557856&quot;:4278190080,&quot;335559685&quot;:0,&quot;335559731&quot;:0,&quot;335559737&quot;:0,&quot;335559738&quot;:0,&quot;335559739&quot;:322,&quot;335559740&quot;:240}\">\u00a0<\/span><\/p>\n<p data-ccp-border-bottom=\"0px none #000000\" data-ccp-padding-bottom=\"0px\" data-ccp-border-between=\"0px none #000000\" data-ccp-padding-between=\"0px\"><b><span data-contrast=\"none\">Inspiracja:<\/span><\/b><span data-contrast=\"none\">\u00a0rzeka\u00a0Lambro\u00a0przep\u0142ywaj\u0105ca\u00a0przez\u00a0Mediolan\u00a0\u2014\u00a0subtelno\u015b\u0107,\u00a0elegancja,\u00a0lekko\u015b\u0107.\u00a0Model o\u00a0delikatnych\u00a0liniach,\u00a0idealny\u00a0do\u00a0stylu\u00a0minimalistycznego\u00a0i\u00a0codziennej\u00a0klasyki.<\/span><span data-ccp-props=\"{&quot;134233117&quot;:false,&quot;134233118&quot;:false,&quot;134245417&quot;:true,&quot;134245418&quot;:false,&quot;134245529&quot;:false,&quot;201341983&quot;:0,&quot;335551550&quot;:1,&quot;335551620&quot;:1,&quot;335557856&quot;:4278190080,&quot;335559685&quot;:0,&quot;335559731&quot;:0,&quot;335559737&quot;:0,&quot;335559738&quot;:0,&quot;335559739&quot;:240,&quot;335559740&quot;:240,&quot;335572071&quot;:0,&quot;335572072&quot;:0,&quot;335572073&quot;:4278190080,&quot;335572075&quot;:0,&quot;335572076&quot;:0,&quot;335572077&quot;:4278190080,&quot;335572079&quot;:0,&quot;335572080&quot;:0,&quot;335572081&quot;:4278190080,&quot;335572083&quot;:0,&quot;335572084&quot;:0,&quot;335572085&quot;:4278190080,&quot;335572087&quot;:0,&quot;335572088&quot;:0,&quot;335572089&quot;:4278190080,&quot;469789798&quot;:&quot;nil&quot;,&quot;469789802&quot;:&quot;nil&quot;,&quot;469789806&quot;:&quot;nil&quot;,&quot;469789810&quot;:&quot;nil&quot;,&quot;469789814&quot;:&quot;nil&quot;}\">\u00a0<\/span><\/p>\n<p data-ccp-border-bottom=\"0px none #000000\" data-ccp-padding-bottom=\"0px\" data-ccp-border-between=\"0px none #000000\" data-ccp-padding-between=\"0px\"><b><span data-contrast=\"none\">Materia<\/span><\/b><b><span data-contrast=\"none\">\u0142:\u00a0<\/span><\/b><span data-contrast=\"none\">Kapelusz\u00a0wykonany\u00a0z\u00a0<\/span><b><span data-contrast=\"none\">100%\u00a0filcu\u00a0we\u0142nianego\u00a0najwy\u017cszej\u00a0jako\u015bci<\/span><\/b><span data-contrast=\"none\">,\u00a0produkowanego\u00a0w\u00a0Polsce.\u00a0<\/span><b><span data-contrast=\"none\">Wn<\/span><\/b><b><span data-contrast=\"none\">\u0119trze\u00a0wyko\u0144czone\u00a0naturaln\u0105\u00a0sk<\/span><\/b><b><span data-contrast=\"none\">\u00f3<\/span><\/b><b><span data-contrast=\"none\">r\u0105<\/span><\/b><span data-contrast=\"none\">\u00a0\u2013\u00a0\u0142atwe\u00a0w\u00a0utrzymaniu\u00a0czysto\u015bci\u00a0i\u00a0zwi\u0119kszaj\u0105ce\u00a0\u017cywotno\u015b\u0107\u00a0kapelusza.<\/span><span data-ccp-props=\"{&quot;134245417&quot;:true,&quot;134245418&quot;:false,&quot;134245529&quot;:false,&quot;201341983&quot;:0,&quot;335551550&quot;:1,&quot;335551620&quot;:1,&quot;335557856&quot;:4278190080,&quot;335559685&quot;:0,&quot;335559731&quot;:0,&quot;335559737&quot;:0,&quot;335559738&quot;:0,&quot;335559739&quot;:240,&quot;335559740&quot;:240}\">\u00a0<\/span><\/p>\n<p data-ccp-border-between=\"0px none #000000\" data-ccp-padding-between=\"0px\"><b><span data-contrast=\"none\">Wymiary:<\/span><\/b><span data-ccp-props=\"{&quot;134245417&quot;:true,&quot;134245418&quot;:false,&quot;134245529&quot;:false,&quot;201341983&quot;:0,&quot;335551550&quot;:1,&quot;335551620&quot;:1,&quot;335557856&quot;:4278190080,&quot;335559685&quot;:0,&quot;335559731&quot;:0,&quot;335559737&quot;:0,&quot;335559738&quot;:0,&quot;335559739&quot;:240,&quot;335559740&quot;:240}\">\u00a0<\/span><\/p>\n<ul>\n<li aria-setsize=\"-1\" data-leveltext=\"\u2022\" data-font=\"Times Roman\" data-listid=\"2\" data-list-defn-props=\"{&quot;134224900&quot;:false,&quot;201340374&quot;:0,&quot;335552541&quot;:1,&quot;335559685&quot;:720,&quot;335559991&quot;:500,&quot;469769226&quot;:&quot;Times Roman&quot;,&quot;469769242&quot;:[8226],&quot;469777803&quot;:&quot;left&quot;,&quot;469777804&quot;:&quot;\u2022&quot;,&quot;469777815&quot;:&quot;hybridMultilevel&quot;}\" data-aria-posinset=\"6\" data-aria-level=\"1\"><span data-contrast=\"none\">korona:\u00a0<\/span><b><span data-contrast=\"none\">ok. 11 cm<\/span><\/b><span data-ccp-props=\"{&quot;134245417&quot;:true,&quot;134245418&quot;:false,&quot;134245529&quot;:false,&quot;201341983&quot;:0,&quot;335551550&quot;:1,&quot;335551620&quot;:1,&quot;335557856&quot;:4278190080,&quot;335559738&quot;:0,&quot;335559739&quot;:240,&quot;335559740&quot;:240}\">\u00a0<\/span><\/li>\n<\/ul>\n<ul>\n<li aria-setsize=\"-1\" data-leveltext=\"\u2022\" data-font=\"Times Roman\" data-listid=\"2\" data-list-defn-props=\"{&quot;134224900&quot;:false,&quot;201340374&quot;:0,&quot;335552541&quot;:1,&quot;335559685&quot;:720,&quot;335559991&quot;:500,&quot;469769226&quot;:&quot;Times Roman&quot;,&quot;469769242&quot;:[8226],&quot;469777803&quot;:&quot;left&quot;,&quot;469777804&quot;:&quot;\u2022&quot;,&quot;469777815&quot;:&quot;hybridMultilevel&quot;}\" data-aria-posinset=\"7\" data-aria-level=\"1\"><span data-contrast=\"none\">rondo:\u00a0<\/span><b><span data-contrast=\"none\">ok. 12 cm<\/span><\/b><span data-ccp-props=\"{&quot;134245417&quot;:true,&quot;134245418&quot;:false,&quot;134245529&quot;:false,&quot;201341983&quot;:0,&quot;335551550&quot;:1,&quot;335551620&quot;:1,&quot;335557856&quot;:4278190080,&quot;335559738&quot;:0,&quot;335559739&quot;:240,&quot;335559740&quot;:240}\">\u00a0<\/span><\/li>\n<\/ul>\n<p data-ccp-border-bottom=\"0px none #000000\" data-ccp-padding-bottom=\"0px\" data-ccp-border-between=\"0px none #000000\" data-ccp-padding-between=\"0px\"><b><span data-contrast=\"none\">Dost\u0119pne\u00a0kolory:<\/span><\/b><span data-contrast=\"none\">\u00a0orzech\u00a0\/\u00a0czekolada\u00a0\/\u00a0czarny\u00a0<\/span><b><span data-contrast=\"none\">Rozmiary:<\/span><\/b><span data-contrast=\"none\">\u00a0<\/span><b><span data-contrast=\"none\">55\u201362 cm<\/span><\/b><span data-ccp-props=\"{&quot;134245417&quot;:true,&quot;134245418&quot;:false,&quot;134245529&quot;:false,&quot;201341983&quot;:0,&quot;335551550&quot;:1,&quot;335551620&quot;:1,&quot;335557856&quot;:4278190080,&quot;335559685&quot;:0,&quot;335559731&quot;:0,&quot;335559737&quot;:0,&quot;335559738&quot;:0,&quot;335559739&quot;:240,&quot;335559740&quot;:240}\">\u00a0<\/span><\/p>\n<p data-ccp-border-between=\"0px none #000000\" data-ccp-padding-between=\"0px\"><b><span data-contrast=\"none\">Opaska\u00a0sk\u00f3rzana:<\/span><\/b><span data-ccp-props=\"{&quot;134245417&quot;:true,&quot;134245418&quot;:false,&quot;134245529&quot;:false,&quot;201341983&quot;:0,&quot;335551550&quot;:1,&quot;335551620&quot;:1,&quot;335557856&quot;:4278190080,&quot;335559685&quot;:0,&quot;335559731&quot;:0,&quot;335559737&quot;:0,&quot;335559738&quot;:0,&quot;335559739&quot;:240,&quot;335559740&quot;:240}\">\u00a0<\/span><\/p>\n<ul>\n<li aria-setsize=\"-1\" data-leveltext=\"\u2022\" data-font=\"Times Roman\" data-listid=\"2\" data-list-defn-props=\"{&quot;134224900&quot;:false,&quot;201340374&quot;:0,&quot;335552541&quot;:1,&quot;335559685&quot;:720,&quot;335559991&quot;:500,&quot;469769226&quot;:&quot;Times Roman&quot;,&quot;469769242&quot;:[8226],&quot;469777803&quot;:&quot;left&quot;,&quot;469777804&quot;:&quot;\u2022&quot;,&quot;469777815&quot;:&quot;hybridMultilevel&quot;}\" data-aria-posinset=\"8\" data-aria-level=\"1\"><span data-contrast=\"none\">czekoladowa<\/span><span data-ccp-props=\"{&quot;134245417&quot;:true,&quot;134245418&quot;:false,&quot;134245529&quot;:false,&quot;201341983&quot;:0,&quot;335551550&quot;:1,&quot;335551620&quot;:1,&quot;335557856&quot;:4278190080,&quot;335559738&quot;:0,&quot;335559739&quot;:240,&quot;335559740&quot;:240}\">\u00a0<\/span><\/li>\n<\/ul>\n<ul>\n<li aria-setsize=\"-1\" data-leveltext=\"\u2022\" data-font=\"Times Roman\" data-listid=\"2\" data-list-defn-props=\"{&quot;134224900&quot;:false,&quot;201340374&quot;:0,&quot;335552541&quot;:1,&quot;335559685&quot;:720,&quot;335559991&quot;:500,&quot;469769226&quot;:&quot;Times Roman&quot;,&quot;469769242&quot;:[8226],&quot;469777803&quot;:&quot;left&quot;,&quot;469777804&quot;:&quot;\u2022&quot;,&quot;469777815&quot;:&quot;hybridMultilevel&quot;}\" data-aria-posinset=\"9\" data-aria-level=\"1\"><span data-contrast=\"none\">czarna<\/span><span data-ccp-props=\"{&quot;134245417&quot;:true,&quot;134245418&quot;:false,&quot;134245529&quot;:false,&quot;201341983&quot;:0,&quot;335551550&quot;:1,&quot;335551620&quot;:1,&quot;335557856&quot;:4278190080,&quot;335559738&quot;:0,&quot;335559739&quot;:240,&quot;335559740&quot;:240}\">\u00a0<\/span><\/li>\n<\/ul>\n<ul>\n<li aria-setsize=\"-1\" data-leveltext=\"\u2022\" data-font=\"Times Roman\" data-listid=\"2\" data-list-defn-props=\"{&quot;134224900&quot;:false,&quot;201340374&quot;:0,&quot;335552541&quot;:1,&quot;335559685&quot;:720,&quot;335559991&quot;:500,&quot;469769226&quot;:&quot;Times Roman&quot;,&quot;469769242&quot;:[8226],&quot;469777803&quot;:&quot;left&quot;,&quot;469777804&quot;:&quot;\u2022&quot;,&quot;469777815&quot;:&quot;hybridMultilevel&quot;}\" data-aria-posinset=\"10\" data-aria-level=\"1\"><span data-contrast=\"none\">czekoladowo-czarna<\/span><span data-ccp-props=\"{&quot;134245417&quot;:true,&quot;134245418&quot;:false,&quot;134245529&quot;:false,&quot;201341983&quot;:0,&quot;335551550&quot;:1,&quot;335551620&quot;:1,&quot;335557856&quot;:4278190080,&quot;335559738&quot;:0,&quot;335559739&quot;:240,&quot;335559740&quot;:240}\"><br \/>\n<\/span><\/li>\n<\/ul>\n","protected":false},"excerpt":{"rendered":"<p>LAMBRO \u2014\u00a0W\u0142oska\u00a0elegancja\u00a0w\u00a0czystej\u00a0formie\u00a0 Inspiracja:\u00a0rzeka\u00a0Lambro\u00a0przep\u0142ywaj\u0105ca\u00a0przez\u00a0Mediolan\u00a0\u2014\u00a0subtelno\u015b\u0107,\u00a0elegancja,\u00a0lekko\u015b\u0107.\u00a0Model o\u00a0delikatnych\u00a0liniach,\u00a0idealny\u00a0do\u00a0stylu\u00a0minimalistycznego\u00a0i\u00a0codziennej\u00a0klasyki.\u00a0 Materia\u0142:\u00a0Kapelusz\u00a0wykonany\u00a0z\u00a0100%\u00a0filcu\u00a0we\u0142nianego\u00a0najwy\u017cszej\u00a0jako\u015bci,\u00a0produkowanego\u00a0w\u00a0Polsce.\u00a0Wn\u0119trze\u00a0wyko\u0144czone\u00a0naturaln\u0105\u00a0sk\u00f3r\u0105\u00a0\u2013\u00a0\u0142atwe\u00a0w\u00a0utrzymaniu\u00a0czysto\u015bci\u00a0i\u00a0zwi\u0119kszaj\u0105ce\u00a0\u017cywotno\u015b\u0107\u00a0kapelusza.\u00a0 Wymiary:\u00a0 korona:\u00a0ok. 11 cm\u00a0 rondo:\u00a0ok. 12 cm\u00a0 Dost\u0119pne\u00a0kolory:\u00a0orzech\u00a0\/\u00a0czekolada\u00a0\/\u00a0czarny\u00a0Rozmiary:\u00a055\u201362 cm\u00a0 Opaska\u00a0sk\u00f3rzana:\u00a0 czekoladowa\u00a0 czarna\u00a0 czekoladowo-czarna<\/p>","protected":false},"featured_media":2885,"template":"","meta":[],"product_brand":[],"product_cat":[54],"product_tag":[],"class_list":{"0":"post-2044","1":"product","2":"type-product","3":"status-publish","4":"has-post-thumbnail","6":"product_cat-lambro-hat","8":"first","9":"instock","10":"shipping-taxable","11":"purchasable","12":"product-type-variable","13":"has-default-attributes","14":"rtwpvg-product"},"_links":{"self":[{"href":"https:\/\/hattribe.com\/en\/wp-json\/wp\/v2\/product\/2044","targetHints":{"allow":["GET"]}}],"collection":[{"href":"https:\/\/hattribe.com\/en\/wp-json\/wp\/v2\/product"}],"about":[{"href":"https:\/\/hattribe.com\/en\/wp-json\/wp\/v2\/types\/product"}],"wp:featuredmedia":[{"embeddable":true,"href":"https:\/\/hattribe.com\/en\/wp-json\/wp\/v2\/media\/2885"}],"wp:attachment":[{"href":"https:\/\/hattribe.com\/en\/wp-json\/wp\/v2\/media?parent=2044"}],"wp:term":[{"taxonomy":"product_brand","embeddable":true,"href":"https:\/\/hattribe.com\/en\/wp-json\/wp\/v2\/product_brand?post=2044"},{"taxonomy":"product_cat","embeddable":true,"href":"https:\/\/hattribe.com\/en\/wp-json\/wp\/v2\/product_cat?post=2044"},{"taxonomy":"product_tag","embeddable":true,"href":"https:\/\/hattribe.com\/en\/wp-json\/wp\/v2\/product_tag?post=2044"}],"curies":[{"name":"wp","href":"https:\/\/api.w.org\/{rel}","templated":true}]}}