{"id":2819,"date":"2025-12-08T20:56:09","date_gmt":"2025-12-08T20:56:09","guid":{"rendered":"https:\/\/bartekprojekt.com\/?page_id=2819"},"modified":"2025-12-08T21:01:40","modified_gmt":"2025-12-08T21:01:40","slug":"faq","status":"publish","type":"page","link":"https:\/\/hattribe.com\/en\/faq\/","title":{"rendered":"FAQ"},"content":{"rendered":"\t\t<div data-elementor-type=\"wp-page\" data-elementor-id=\"2819\" class=\"elementor elementor-2819\" data-elementor-post-type=\"page\">\n\t\t\t\t\t\t<section class=\"elementor-section elementor-top-section elementor-element elementor-element-405b7559 elementor-reverse-mobile elementor-section-boxed elementor-section-height-default elementor-section-height-default\" data-id=\"405b7559\" data-element_type=\"section\" data-settings=\"{&quot;background_background&quot;:&quot;classic&quot;}\">\n\t\t\t\t\t\t\t<div class=\"elementor-background-overlay\"><\/div>\n\t\t\t\t\t\t\t<div class=\"elementor-container elementor-column-gap-default\">\n\t\t\t\t\t<div class=\"elementor-column elementor-col-50 elementor-top-column elementor-element elementor-element-6f0fb9ad\" data-id=\"6f0fb9ad\" data-element_type=\"column\">\n\t\t\t<div class=\"elementor-widget-wrap elementor-element-populated\">\n\t\t\t\t\t\t<div class=\"elementor-element elementor-element-58bb3051 elementor-widget elementor-widget-heading\" data-id=\"58bb3051\" data-element_type=\"widget\" data-widget_type=\"heading.default\">\n\t\t\t\t<div class=\"elementor-widget-container\">\n\t\t\t\t\t<h1 class=\"elementor-heading-title elementor-size-default\">FAQ<\/h1>\t\t\t\t<\/div>\n\t\t\t\t<\/div>\n\t\t\t\t<div class=\"elementor-element elementor-element-27e43e07 elementor-align-left elementor-mobile-align-center elementor-widget elementor-widget-button\" data-id=\"27e43e07\" data-element_type=\"widget\" data-widget_type=\"button.default\">\n\t\t\t\t<div class=\"elementor-widget-container\">\n\t\t\t\t\t\t\t\t\t<div class=\"elementor-button-wrapper\">\n\t\t\t\t\t<a class=\"elementor-button elementor-button-link elementor-size-sm\" href=\"#faq\">\n\t\t\t\t\t\t<span class=\"elementor-button-content-wrapper\">\n\t\t\t\t\t\t\t\t\t<span class=\"elementor-button-text\">Zobacz najcz\u0119\u015bciej zadawane pytania<\/span>\n\t\t\t\t\t<\/span>\n\t\t\t\t\t<\/a>\n\t\t\t\t<\/div>\n\t\t\t\t\t\t\t\t<\/div>\n\t\t\t\t<\/div>\n\t\t\t\t\t<\/div>\n\t\t<\/div>\n\t\t\t\t<div class=\"elementor-column elementor-col-50 elementor-top-column elementor-element elementor-element-102a1434\" data-id=\"102a1434\" data-element_type=\"column\" data-settings=\"{&quot;background_background&quot;:&quot;classic&quot;}\">\n\t\t\t<div class=\"elementor-widget-wrap elementor-element-populated\">\n\t\t\t\t\t<div class=\"elementor-background-overlay\"><\/div>\n\t\t\t\t\t\t<div class=\"elementor-element elementor-element-4040880b elementor-widget elementor-widget-image\" data-id=\"4040880b\" data-element_type=\"widget\" data-widget_type=\"image.default\">\n\t\t\t\t<div class=\"elementor-widget-container\">\n\t\t\t\t\t\t\t\t\t\t\t\t\t\t\t<img fetchpriority=\"high\" decoding=\"async\" width=\"1707\" height=\"2560\" src=\"https:\/\/hattribe.com\/wp-content\/uploads\/2025\/11\/20251007_HATTRIBE_0135-1-scaled.jpg\" class=\"attachment-full size-full wp-image-2731\" alt=\"\" srcset=\"https:\/\/hattribe.com\/wp-content\/uploads\/2025\/11\/20251007_HATTRIBE_0135-1-scaled.jpg 1707w, https:\/\/hattribe.com\/wp-content\/uploads\/2025\/11\/20251007_HATTRIBE_0135-1-200x300.jpg 200w, https:\/\/hattribe.com\/wp-content\/uploads\/2025\/11\/20251007_HATTRIBE_0135-1-683x1024.jpg 683w, https:\/\/hattribe.com\/wp-content\/uploads\/2025\/11\/20251007_HATTRIBE_0135-1-768x1152.jpg 768w, https:\/\/hattribe.com\/wp-content\/uploads\/2025\/11\/20251007_HATTRIBE_0135-1-1024x1536.jpg 1024w, https:\/\/hattribe.com\/wp-content\/uploads\/2025\/11\/20251007_HATTRIBE_0135-1-1365x2048.jpg 1365w, https:\/\/hattribe.com\/wp-content\/uploads\/2025\/11\/20251007_HATTRIBE_0135-1-8x12.jpg 8w, https:\/\/hattribe.com\/wp-content\/uploads\/2025\/11\/20251007_HATTRIBE_0135-1-800x1200.jpg 800w\" sizes=\"(max-width: 1707px) 100vw, 1707px\" \/>\t\t\t\t\t\t\t\t\t\t\t\t\t\t\t<\/div>\n\t\t\t\t<\/div>\n\t\t\t\t\t<\/div>\n\t\t<\/div>\n\t\t\t\t\t<\/div>\n\t\t<\/section>\n\t\t\t\t<section class=\"elementor-section elementor-top-section elementor-element elementor-element-25b030da elementor-section-boxed elementor-section-height-default elementor-section-height-default\" data-id=\"25b030da\" data-element_type=\"section\" id=\"faq\" data-settings=\"{&quot;background_background&quot;:&quot;classic&quot;}\">\n\t\t\t\t\t\t<div class=\"elementor-container elementor-column-gap-default\">\n\t\t\t\t\t<div class=\"elementor-column elementor-col-50 elementor-top-column elementor-element elementor-element-37eeec0d\" data-id=\"37eeec0d\" data-element_type=\"column\">\n\t\t\t<div class=\"elementor-widget-wrap elementor-element-populated\">\n\t\t\t\t\t\t<div class=\"elementor-element elementor-element-646862d7 elementor-widget elementor-widget-toggle\" data-id=\"646862d7\" data-element_type=\"widget\" data-widget_type=\"toggle.default\">\n\t\t\t\t<div class=\"elementor-widget-container\">\n\t\t\t\t\t\t\t<div class=\"elementor-toggle\">\n\t\t\t\t\t\t\t<div class=\"elementor-toggle-item\">\n\t\t\t\t\t<div id=\"elementor-tab-title-1681\" class=\"elementor-tab-title\" data-tab=\"1\" role=\"button\" aria-controls=\"elementor-tab-content-1681\" aria-expanded=\"false\">\n\t\t\t\t\t\t\t\t\t\t\t\t<span class=\"elementor-toggle-icon elementor-toggle-icon-left\" aria-hidden=\"true\">\n\t\t\t\t\t\t\t\t\t\t\t\t\t\t\t<span class=\"elementor-toggle-icon-closed\"><i class=\"fas fa-caret-right\"><\/i><\/span>\n\t\t\t\t\t\t\t\t<span class=\"elementor-toggle-icon-opened\"><i class=\"elementor-toggle-icon-opened fas fa-caret-up\"><\/i><\/span>\n\t\t\t\t\t\t\t\t\t\t\t\t\t<\/span>\n\t\t\t\t\t\t\t\t\t\t\t\t<a class=\"elementor-toggle-title\" tabindex=\"0\">Czy wysy\u0142acie za granic\u0119?<\/a>\n\t\t\t\t\t<\/div>\n\n\t\t\t\t\t<div id=\"elementor-tab-content-1681\" class=\"elementor-tab-content elementor-clearfix\" data-tab=\"1\" role=\"region\" aria-labelledby=\"elementor-tab-title-1681\"><p>Tak, wysy\u0142ka jest <strong>globalna<\/strong> (na terenie UE oraz do wszystkich kraj\u00f3w \u015bwiata).<\/p><\/div>\n\t\t\t\t<\/div>\n\t\t\t\t\t\t\t<div class=\"elementor-toggle-item\">\n\t\t\t\t\t<div id=\"elementor-tab-title-1682\" class=\"elementor-tab-title\" data-tab=\"2\" role=\"button\" aria-controls=\"elementor-tab-content-1682\" aria-expanded=\"false\">\n\t\t\t\t\t\t\t\t\t\t\t\t<span class=\"elementor-toggle-icon elementor-toggle-icon-left\" aria-hidden=\"true\">\n\t\t\t\t\t\t\t\t\t\t\t\t\t\t\t<span class=\"elementor-toggle-icon-closed\"><i class=\"fas fa-caret-right\"><\/i><\/span>\n\t\t\t\t\t\t\t\t<span class=\"elementor-toggle-icon-opened\"><i class=\"elementor-toggle-icon-opened fas fa-caret-up\"><\/i><\/span>\n\t\t\t\t\t\t\t\t\t\t\t\t\t<\/span>\n\t\t\t\t\t\t\t\t\t\t\t\t<a class=\"elementor-toggle-title\" tabindex=\"0\">Czy kapelusze personalizowane podlegaj\u0105 zwrotowi?<\/a>\n\t\t\t\t\t<\/div>\n\n\t\t\t\t\t<div id=\"elementor-tab-content-1682\" class=\"elementor-tab-content elementor-clearfix\" data-tab=\"2\" role=\"region\" aria-labelledby=\"elementor-tab-title-1682\"><p>Nie. Zgodnie z <strong>art. 38 Ustawy o prawach konsumenta<\/strong> produkty spersonalizowane nie podlegaj\u0105 zwrotowi.<\/p><\/div>\n\t\t\t\t<\/div>\n\t\t\t\t\t\t\t<div class=\"elementor-toggle-item\">\n\t\t\t\t\t<div id=\"elementor-tab-title-1683\" class=\"elementor-tab-title\" data-tab=\"3\" role=\"button\" aria-controls=\"elementor-tab-content-1683\" aria-expanded=\"false\">\n\t\t\t\t\t\t\t\t\t\t\t\t<span class=\"elementor-toggle-icon elementor-toggle-icon-left\" aria-hidden=\"true\">\n\t\t\t\t\t\t\t\t\t\t\t\t\t\t\t<span class=\"elementor-toggle-icon-closed\"><i class=\"fas fa-caret-right\"><\/i><\/span>\n\t\t\t\t\t\t\t\t<span class=\"elementor-toggle-icon-opened\"><i class=\"elementor-toggle-icon-opened fas fa-caret-up\"><\/i><\/span>\n\t\t\t\t\t\t\t\t\t\t\t\t\t<\/span>\n\t\t\t\t\t\t\t\t\t\t\t\t<a class=\"elementor-toggle-title\" tabindex=\"0\">Jak dobra\u0107 rozmiar kapelusza?<\/a>\n\t\t\t\t\t<\/div>\n\n\t\t\t\t\t<div id=\"elementor-tab-content-1683\" class=\"elementor-tab-content elementor-clearfix\" data-tab=\"3\" role=\"region\" aria-labelledby=\"elementor-tab-title-1683\"><p>Nale\u017cy zmierzy\u0107 obw\u00f3d g\u0142owy <strong>oko\u0142o 1 cm nad brwiami<\/strong>.<\/p><\/div>\n\t\t\t\t<\/div>\n\t\t\t\t\t\t\t\t\t\t<script type=\"application\/ld+json\">{\"@context\":\"https:\\\/\\\/schema.org\",\"@type\":\"FAQPage\",\"mainEntity\":[{\"@type\":\"Question\",\"name\":\"Czy wysy\\u0142acie za granic\\u0119?\",\"acceptedAnswer\":{\"@type\":\"Answer\",\"text\":\"<p>Tak, wysy\\u0142ka jest <strong>globalna<\\\/strong> (na terenie UE oraz do wszystkich kraj\\u00f3w \\u015bwiata).<\\\/p>\"}},{\"@type\":\"Question\",\"name\":\"Czy kapelusze personalizowane podlegaj\\u0105 zwrotowi?\",\"acceptedAnswer\":{\"@type\":\"Answer\",\"text\":\"<p>Nie. Zgodnie z <strong>art. 38 Ustawy o prawach konsumenta<\\\/strong> produkty spersonalizowane nie podlegaj\\u0105 zwrotowi.<\\\/p>\"}},{\"@type\":\"Question\",\"name\":\"Jak dobra\\u0107 rozmiar kapelusza?\",\"acceptedAnswer\":{\"@type\":\"Answer\",\"text\":\"<p>Nale\\u017cy zmierzy\\u0107 obw\\u00f3d g\\u0142owy <strong>oko\\u0142o 1 cm nad brwiami<\\\/strong>.<\\\/p>\"}}]}<\/script>\n\t\t\t\t\t<\/div>\n\t\t\t\t\t\t<\/div>\n\t\t\t\t<\/div>\n\t\t\t\t\t<\/div>\n\t\t<\/div>\n\t\t\t\t<div class=\"elementor-column elementor-col-50 elementor-top-column elementor-element elementor-element-7984eb07\" data-id=\"7984eb07\" data-element_type=\"column\">\n\t\t\t<div class=\"elementor-widget-wrap elementor-element-populated\">\n\t\t\t\t\t\t<div class=\"elementor-element elementor-element-5ba76d30 elementor-widget elementor-widget-toggle\" data-id=\"5ba76d30\" data-element_type=\"widget\" data-widget_type=\"toggle.default\">\n\t\t\t\t<div class=\"elementor-widget-container\">\n\t\t\t\t\t\t\t<div class=\"elementor-toggle\">\n\t\t\t\t\t\t\t<div class=\"elementor-toggle-item\">\n\t\t\t\t\t<div id=\"elementor-tab-title-1531\" class=\"elementor-tab-title\" data-tab=\"1\" role=\"button\" aria-controls=\"elementor-tab-content-1531\" aria-expanded=\"false\">\n\t\t\t\t\t\t\t\t\t\t\t\t<span class=\"elementor-toggle-icon elementor-toggle-icon-left\" aria-hidden=\"true\">\n\t\t\t\t\t\t\t\t\t\t\t\t\t\t\t<span class=\"elementor-toggle-icon-closed\"><i class=\"fas fa-caret-right\"><\/i><\/span>\n\t\t\t\t\t\t\t\t<span class=\"elementor-toggle-icon-opened\"><i class=\"elementor-toggle-icon-opened fas fa-caret-up\"><\/i><\/span>\n\t\t\t\t\t\t\t\t\t\t\t\t\t<\/span>\n\t\t\t\t\t\t\t\t\t\t\t\t<a class=\"elementor-toggle-title\" tabindex=\"0\">Co zrobi\u0107, je\u015bli paczka jest uszkodzona?<\/a>\n\t\t\t\t\t<\/div>\n\n\t\t\t\t\t<div id=\"elementor-tab-content-1531\" class=\"elementor-tab-content elementor-clearfix\" data-tab=\"1\" role=\"region\" aria-labelledby=\"elementor-tab-title-1531\"><p>Nale\u017cy zrobi\u0107 <strong>zdj\u0119cia uszkodze\u0144<\/strong> i niezw\u0142ocznie skontaktowa\u0107 si\u0119 na e-mail: info@bartekprojekt.pl.<\/p><\/div>\n\t\t\t\t<\/div>\n\t\t\t\t\t\t\t<div class=\"elementor-toggle-item\">\n\t\t\t\t\t<div id=\"elementor-tab-title-1532\" class=\"elementor-tab-title\" data-tab=\"2\" role=\"button\" aria-controls=\"elementor-tab-content-1532\" aria-expanded=\"false\">\n\t\t\t\t\t\t\t\t\t\t\t\t<span class=\"elementor-toggle-icon elementor-toggle-icon-left\" aria-hidden=\"true\">\n\t\t\t\t\t\t\t\t\t\t\t\t\t\t\t<span class=\"elementor-toggle-icon-closed\"><i class=\"fas fa-caret-right\"><\/i><\/span>\n\t\t\t\t\t\t\t\t<span class=\"elementor-toggle-icon-opened\"><i class=\"elementor-toggle-icon-opened fas fa-caret-up\"><\/i><\/span>\n\t\t\t\t\t\t\t\t\t\t\t\t\t<\/span>\n\t\t\t\t\t\t\t\t\t\t\t\t<a class=\"elementor-toggle-title\" tabindex=\"0\">Jakie metody p\u0142atno\u015bci obs\u0142uguje sklep?<\/a>\n\t\t\t\t\t<\/div>\n\n\t\t\t\t\t<div id=\"elementor-tab-content-1532\" class=\"elementor-tab-content elementor-clearfix\" data-tab=\"2\" role=\"region\" aria-labelledby=\"elementor-tab-title-1532\"><p>Obs\u0142ugujemy wszystkie metody dost\u0119pne w systemie Tpay: szybkie przelewy, BLIK, karty, Apple Pay, Google Pay, a tak\u017ce p\u0142atno\u015bci odroczone (Twisto, PayPo, PragmaPay) oraz raty (Raty Pekao, PragmaPay raty).<\/p><p><!-- \/wp:table --><!-- wp:separator --><\/p><\/div>\n\t\t\t\t<\/div>\n\t\t\t\t\t\t\t\t\t\t<script type=\"application\/ld+json\">{\"@context\":\"https:\\\/\\\/schema.org\",\"@type\":\"FAQPage\",\"mainEntity\":[{\"@type\":\"Question\",\"name\":\"Co zrobi\\u0107, je\\u015bli paczka jest uszkodzona?\",\"acceptedAnswer\":{\"@type\":\"Answer\",\"text\":\"<p>Nale\\u017cy zrobi\\u0107 <strong>zdj\\u0119cia uszkodze\\u0144<\\\/strong> i niezw\\u0142ocznie skontaktowa\\u0107 si\\u0119 na e-mail: info@bartekprojekt.pl.<\\\/p>\"}},{\"@type\":\"Question\",\"name\":\"Jakie metody p\\u0142atno\\u015bci obs\\u0142uguje sklep?\",\"acceptedAnswer\":{\"@type\":\"Answer\",\"text\":\"<p>Obs\\u0142ugujemy wszystkie metody dost\\u0119pne w systemie Tpay: szybkie przelewy, BLIK, karty, Apple Pay, Google Pay, a tak\\u017ce p\\u0142atno\\u015bci odroczone (Twisto, PayPo, PragmaPay) oraz raty (Raty Pekao, PragmaPay raty).<\\\/p><p><!-- \\\/wp:table --><!-- wp:separator --><\\\/p>\"}}]}<\/script>\n\t\t\t\t\t<\/div>\n\t\t\t\t\t\t<\/div>\n\t\t\t\t<\/div>\n\t\t\t\t\t<\/div>\n\t\t<\/div>\n\t\t\t\t\t<\/div>\n\t\t<\/section>\n\t\t\t\t<\/div>\n\t\t","protected":false},"excerpt":{"rendered":"<p>FAQ Zobacz najcz\u0119\u015bciej zadawane pytania Czy wysy\u0142acie za granic\u0119? Tak, wysy\u0142ka jest globalna (na terenie UE oraz do wszystkich kraj\u00f3w \u015bwiata). Czy kapelusze personalizowane podlegaj\u0105 zwrotowi? Nie. Zgodnie z art. 38 Ustawy o prawach konsumenta produkty spersonalizowane nie podlegaj\u0105 zwrotowi. Jak dobra\u0107 rozmiar kapelusza? Nale\u017cy zmierzy\u0107 obw\u00f3d g\u0142owy oko\u0142o 1 cm nad brwiami. Co zrobi\u0107, [&hellip;]<\/p>\n","protected":false},"author":1,"featured_media":0,"parent":0,"menu_order":0,"comment_status":"closed","ping_status":"closed","template":"","meta":{"footnotes":""},"class_list":["post-2819","page","type-page","status-publish","hentry"],"_links":{"self":[{"href":"https:\/\/hattribe.com\/en\/wp-json\/wp\/v2\/pages\/2819","targetHints":{"allow":["GET"]}}],"collection":[{"href":"https:\/\/hattribe.com\/en\/wp-json\/wp\/v2\/pages"}],"about":[{"href":"https:\/\/hattribe.com\/en\/wp-json\/wp\/v2\/types\/page"}],"author":[{"embeddable":true,"href":"https:\/\/hattribe.com\/en\/wp-json\/wp\/v2\/users\/1"}],"replies":[{"embeddable":true,"href":"https:\/\/hattribe.com\/en\/wp-json\/wp\/v2\/comments?post=2819"}],"version-history":[{"count":13,"href":"https:\/\/hattribe.com\/en\/wp-json\/wp\/v2\/pages\/2819\/revisions"}],"predecessor-version":[{"id":2838,"href":"https:\/\/hattribe.com\/en\/wp-json\/wp\/v2\/pages\/2819\/revisions\/2838"}],"wp:attachment":[{"href":"https:\/\/hattribe.com\/en\/wp-json\/wp\/v2\/media?parent=2819"}],"curies":[{"name":"wp","href":"https:\/\/api.w.org\/{rel}","templated":true}]}}